{"id":2488,"date":"2024-05-14T12:33:44","date_gmt":"2024-05-14T15:33:44","guid":{"rendered":"https:\/\/maezva.com.ar\/sitio\/?post_type=product&#038;p=2488"},"modified":"2026-03-03T16:15:30","modified_gmt":"2026-03-03T19:15:30","slug":"playstation-5-slim-1tb-digital-spiderman","status":"publish","type":"product","link":"https:\/\/maezva.com.ar\/sitio\/producto\/playstation-5-slim-1tb-digital-spiderman\/","title":{"rendered":"Playstation 5 SLIM CORE 1TB DIGITAL"},"content":{"rendered":"<p data-start=\"0\" data-end=\"91\"><strong data-start=\"14\" data-end=\"45\">caracter\u00edsticas:<\/strong><\/p>\n<ul data-start=\"93\" data-end=\"604\" data-is-last-node=\"\" data-is-only-node=\"\">\n<li data-start=\"93\" data-end=\"141\">\n<p data-start=\"95\" data-end=\"141\">Almacenamiento SSD de 1 TB de alta velocidad<\/p>\n<\/li>\n<li data-start=\"142\" data-end=\"185\">\n<p data-start=\"144\" data-end=\"185\">Procesador AMD Ryzen Zen 2 de 8 n\u00facleos<\/p>\n<\/li>\n<li data-start=\"186\" data-end=\"233\">\n<p data-start=\"188\" data-end=\"233\">GPU AMD RDNA 2 con soporte para Ray Tracing<\/p>\n<\/li>\n<li data-start=\"234\" data-end=\"272\">\n<p data-start=\"236\" data-end=\"272\">Resoluci\u00f3n hasta 4K y hasta 120 Hz<\/p>\n<\/li>\n<li data-start=\"273\" data-end=\"318\">\n<p data-start=\"275\" data-end=\"318\">Tecnolog\u00eda HDR para colores m\u00e1s realistas<\/p>\n<\/li>\n<li data-start=\"319\" data-end=\"349\">\n<p data-start=\"321\" data-end=\"349\">Audio Tempest 3D AudioTech<\/p>\n<\/li>\n<li data-start=\"350\" data-end=\"398\">\n<p data-start=\"352\" data-end=\"398\">Versi\u00f3n 100% digital (sin lectora de discos)<\/p>\n<\/li>\n<li data-start=\"399\" data-end=\"493\">\n<p data-start=\"401\" data-end=\"493\">Incluye control inal\u00e1mbrico DualSense con gatillos adaptativos y retroalimentaci\u00f3n h\u00e1ptica<\/p>\n<\/li>\n<li data-start=\"494\" data-end=\"544\">\n<p data-start=\"496\" data-end=\"544\">Conectividad Wi-Fi 6, Bluetooth 5.1 y HDMI 2.1<\/p>\n<\/li>\n<li data-start=\"545\" data-end=\"604\" data-is-last-node=\"\">\n<p data-start=\"547\" data-end=\"604\" data-is-last-node=\"\">Dise\u00f1o Slim m\u00e1s compacto y liviano que el modelo original<\/p>\n<\/li>\n<\/ul>\n","protected":false},"excerpt":{"rendered":"<p>La <strong data-start=\"3\" data-end=\"45\">PlayStation 5 Slim Digital Edition 1TB<\/strong> ofrece toda la potencia de la nueva generaci\u00f3n en un dise\u00f1o m\u00e1s compacto y liviano. Disfrut\u00e1 gr\u00e1ficos incre\u00edbles, tiempos de carga ultrarr\u00e1pidos gracias a su SSD de alta velocidad y una experiencia totalmente digital para descargar tus juegos favoritos directamente desde PlayStation Store. Ideal para quienes buscan m\u00e1ximo rendimiento y tecnolog\u00eda de \u00faltima generaci\u00f3n sin lector de discos.<\/p>\n","protected":false},"featured_media":3529,"template":"","meta":[],"product_brand":[193],"product_cat":[162],"product_tag":[],"class_list":{"0":"post-2488","1":"product","2":"type-product","3":"status-publish","4":"has-post-thumbnail","6":"product_brand-sony","7":"product_cat-consolas","9":"first","10":"onbackorder","11":"taxable","12":"shipping-taxable","13":"purchasable","14":"product-type-simple"},"_links":{"self":[{"href":"https:\/\/maezva.com.ar\/sitio\/wp-json\/wp\/v2\/product\/2488","targetHints":{"allow":["GET"]}}],"collection":[{"href":"https:\/\/maezva.com.ar\/sitio\/wp-json\/wp\/v2\/product"}],"about":[{"href":"https:\/\/maezva.com.ar\/sitio\/wp-json\/wp\/v2\/types\/product"}],"wp:featuredmedia":[{"embeddable":true,"href":"https:\/\/maezva.com.ar\/sitio\/wp-json\/wp\/v2\/media\/3529"}],"wp:attachment":[{"href":"https:\/\/maezva.com.ar\/sitio\/wp-json\/wp\/v2\/media?parent=2488"}],"wp:term":[{"taxonomy":"product_brand","embeddable":true,"href":"https:\/\/maezva.com.ar\/sitio\/wp-json\/wp\/v2\/product_brand?post=2488"},{"taxonomy":"product_cat","embeddable":true,"href":"https:\/\/maezva.com.ar\/sitio\/wp-json\/wp\/v2\/product_cat?post=2488"},{"taxonomy":"product_tag","embeddable":true,"href":"https:\/\/maezva.com.ar\/sitio\/wp-json\/wp\/v2\/product_tag?post=2488"}],"curies":[{"name":"wp","href":"https:\/\/api.w.org\/{rel}","templated":true}]}}