{"id":2497,"date":"2024-05-14T12:53:30","date_gmt":"2024-05-14T15:53:30","guid":{"rendered":"https:\/\/maezva.com.ar\/sitio\/?post_type=product&#038;p=2497"},"modified":"2026-03-09T10:47:31","modified_gmt":"2026-03-09T13:47:31","slug":"xbox-series-x-1tb-forza-horizon-5-premium","status":"publish","type":"product","link":"https:\/\/maezva.com.ar\/sitio\/producto\/xbox-series-x-1tb-forza-horizon-5-premium\/","title":{"rendered":"XBOX Series X 1TB  FORZA HORIZON 5 PREMIUM"},"content":{"rendered":"<figure class=\"wp-block-table is-style-stripes\">\n<table style=\"height: 91px\" width=\"442\">\n<tbody>\n<tr>\n<td class=\"has-text-align-center\" style=\"text-align: center\" data-align=\"center\">.<i class=\"fa fa-mobile fa-1x fa-fw\"><\/i><\/td>\n<td class=\"has-text-align-center\" style=\"text-align: center\" data-align=\"center\">.<i class=\"fa fa-hdd fa-1x fa-fw\"><\/i><\/td>\n<td class=\"has-text-align-center\" style=\"text-align: center\" data-align=\"center\">.<i class=\"fa fa-microchip fa-1x fa-fw\"><\/i><\/td>\n<td class=\"has-text-align-center\" style=\"text-align: center\" data-align=\"center\">.<i class=\"fa fa-memory fa-1x fa-fw\"><\/i><\/td>\n<td class=\"has-text-align-center\" style=\"text-align: center\" data-align=\"center\">.<i class=\"fa fa-server fa-1x fa-fw\"><\/i><\/td>\n<\/tr>\n<tr>\n<td class=\"has-text-align-center\" style=\"text-align: center\" data-align=\"center\"><strong>XBOX X\u00a0<\/strong><\/td>\n<td class=\"has-text-align-center\" data-align=\"center\"><strong>1TB<\/strong><\/td>\n<td class=\"has-text-align-center\" style=\"text-align: center\" data-align=\"center\"><strong> AMD Ryzen \u201cZen 2\u201d\u00a0<\/strong><\/td>\n<td class=\"has-text-align-center\" data-align=\"center\"><strong>16gb<\/strong><\/td>\n<td class=\"has-text-align-center\" data-align=\"center\"><strong>Microsoft<\/strong><\/td>\n<\/tr>\n<\/tbody>\n<\/table>\n<\/figure>\n<figure class=\"wp-block-table is-style-stripes\"><\/figure>\n<p>&nbsp;<\/p>\n<hr \/>\n<p>Oferta sin obligaci\u00f3n de compra. Valida hasta\u00a0 agostar stock<\/p>\n","protected":false},"excerpt":{"rendered":"<div class=\"flex-1 overflow-hidden\">\n<div class=\"react-scroll-to-bottom--css-itdln-79elbk h-full\">\n<div class=\"react-scroll-to-bottom--css-itdln-1n7m0yu\">\n<div>\n<div class=\"flex flex-col text-sm pb-9\">\n<div class=\"w-full text-token-text-primary\" dir=\"auto\" data-testid=\"conversation-turn-7\" data-scroll-anchor=\"true\">\n<div class=\"py-2 px-3 text-base md:px-4 m-auto md:px-5 lg:px-1 xl:px-5\">\n<div class=\"mx-auto flex flex-1 gap-3 text-base juice:gap-4 juice:md:gap-6 md:max-w-3xl lg:max-w-[40rem] xl:max-w-[48rem]\">\n<div class=\"relative flex w-full min-w-0 flex-col agent-turn\">\n<div class=\"flex-col gap-1 md:gap-3\">\n<div class=\"flex flex-grow flex-col max-w-full\">\n<div class=\"min-h-[20px] text-message flex flex-col items-start whitespace-pre-wrap break-words [.text-message+&amp;]:mt-5 juice:w-full juice:items-end overflow-x-auto gap-3\" dir=\"auto\" data-message-author-role=\"assistant\" data-message-id=\"c76dc431-a12b-4e7d-a6c9-66f0d974abb9\">\n<div class=\"markdown prose w-full break-words dark:prose-invert light\">\n<p>La Xbox Series X establece un nuevo est\u00e1ndar en la experiencia de juego, ofreciendo un rendimiento excepcional y una inmersi\u00f3n de primera clase. Con una combinaci\u00f3n perfecta de potencia, versatilidad y estilo, esta consola se destaca como una opci\u00f3n l\u00edder en su categor\u00eda.<\/p>\n<p>Equipada con un potente procesador y gr\u00e1ficos de \u00faltima generaci\u00f3n, la Xbox Series X ofrece un rendimiento de juego fluido y sin igual. Desde los t\u00edtulos m\u00e1s exigentes hasta los juegos m\u00e1s inmersivos, esta consola responde con agilidad y eficiencia para brindarte una experiencia de juego envolvente como nunca antes.<\/p>\n<p>La Xbox Series X cuenta con una amplia biblioteca de juegos exclusivos y populares, as\u00ed como la capacidad de reproducir contenido en resoluci\u00f3n 4K y hasta 120 FPS para una experiencia visual impresionante. Sum\u00e9rgete en mundos virtuales vibrantes y detallados con una calidad de imagen excepcional que te dejar\u00e1 sin aliento.<\/p>\n<p>Adem\u00e1s, la Xbox Series X ofrece caracter\u00edsticas avanzadas como el soporte para tecnolog\u00eda de ray tracing, tiempos de carga ultrarr\u00e1pidos y la compatibilidad con versiones anteriores de juegos de Xbox, lo que garantiza una experiencia de juego sin interrupciones y llena de posibilidades.<\/p>\n<p>El dise\u00f1o elegante y robusto de la Xbox Series X se destaca en cualquier espacio de entretenimiento, con l\u00edneas modernas y una construcci\u00f3n s\u00f3lida que refleja su potencia interna. Adem\u00e1s, la consola est\u00e1 dise\u00f1ada para garantizar la m\u00e1xima eficiencia t\u00e9rmica y un funcionamiento silencioso, incluso durante las sesiones de juego m\u00e1s intensas.<\/p>\n<p>En resumen, la Xbox Series X es la opci\u00f3n perfecta para los amantes de los videojuegos que buscan una experiencia de juego excepcional, una calidad de imagen impresionante y un dise\u00f1o innovador. Con su potente rendimiento, amplia biblioteca de juegos y caracter\u00edsticas avanzadas, esta consola se posiciona como una opci\u00f3n l\u00edder en su categor\u00eda.<\/p>\n<\/div>\n<\/div>\n<\/div>\n<div class=\"mt-1 flex gap-3 empty:hidden juice:-ml-3\">\n<div class=\"-ml-1 mt-0 flex h-7 items-center justify-center gap-[2px] self-end text-gray-400 lg:justify-start lg:self-center visible\"><\/div>\n<\/div>\n<div class=\"pr-2 lg:pr-0\"><\/div>\n<\/div>\n<div class=\"absolute\">\n<div class=\"flex w-full gap-2 items-center justify-center\"><\/div>\n<\/div>\n<\/div>\n<\/div>\n<\/div>\n<\/div>\n<\/div>\n<\/div>\n<\/div>\n<\/div>\n<\/div>\n<div class=\"w-full md:pt-0 dark:border-white\/20 md:border-transparent md:dark:border-transparent md:w-[calc(100%-.5rem)] juice:w-full\">\n<div class=\"px-3 text-base md:px-4 m-auto md:px-5 lg:px-1 xl:px-5\">\n<div class=\"mx-auto flex flex-1 gap-3 text-base juice:gap-4 juice:md:gap-6 md:max-w-3xl lg:max-w-[40rem] xl:max-w-[48rem]\">\n<div class=\"relative flex h-full max-w-full flex-1 flex-col\">\n<div class=\"absolute bottom-full left-0 right-0\"><\/div>\n<div class=\"flex w-full items-center\"><\/div>\n<\/div>\n<\/div>\n<\/div>\n<\/div>\n","protected":false},"featured_media":2498,"template":"","meta":[],"product_brand":[],"product_cat":[162],"product_tag":[],"class_list":{"0":"post-2497","1":"product","2":"type-product","3":"status-publish","4":"has-post-thumbnail","6":"product_cat-consolas","8":"first","9":"outofstock","10":"taxable","11":"shipping-taxable","12":"purchasable","13":"product-type-simple"},"_links":{"self":[{"href":"https:\/\/maezva.com.ar\/sitio\/wp-json\/wp\/v2\/product\/2497","targetHints":{"allow":["GET"]}}],"collection":[{"href":"https:\/\/maezva.com.ar\/sitio\/wp-json\/wp\/v2\/product"}],"about":[{"href":"https:\/\/maezva.com.ar\/sitio\/wp-json\/wp\/v2\/types\/product"}],"wp:featuredmedia":[{"embeddable":true,"href":"https:\/\/maezva.com.ar\/sitio\/wp-json\/wp\/v2\/media\/2498"}],"wp:attachment":[{"href":"https:\/\/maezva.com.ar\/sitio\/wp-json\/wp\/v2\/media?parent=2497"}],"wp:term":[{"taxonomy":"product_brand","embeddable":true,"href":"https:\/\/maezva.com.ar\/sitio\/wp-json\/wp\/v2\/product_brand?post=2497"},{"taxonomy":"product_cat","embeddable":true,"href":"https:\/\/maezva.com.ar\/sitio\/wp-json\/wp\/v2\/product_cat?post=2497"},{"taxonomy":"product_tag","embeddable":true,"href":"https:\/\/maezva.com.ar\/sitio\/wp-json\/wp\/v2\/product_tag?post=2497"}],"curies":[{"name":"wp","href":"https:\/\/api.w.org\/{rel}","templated":true}]}}