{"id":4459,"date":"2026-03-21T13:09:08","date_gmt":"2026-03-21T16:09:08","guid":{"rendered":"https:\/\/maezva.com.ar\/sitio\/?post_type=product&#038;p=4459"},"modified":"2026-03-21T13:09:08","modified_gmt":"2026-03-21T16:09:08","slug":"macbook-neo-a18-13","status":"publish","type":"product","link":"https:\/\/maezva.com.ar\/sitio\/producto\/macbook-neo-a18-13\/","title":{"rendered":"MACBOOK NEO A18 13&#8243;"},"content":{"rendered":"<p data-start=\"0\" data-end=\"76\"><strong data-start=\"0\" data-end=\"76\">Caracter\u00edsticas principales:<\/strong><\/p>\n<ul data-start=\"78\" data-end=\"746\">\n<li data-section-id=\"ej35dc\" data-start=\"78\" data-end=\"152\">\n<p data-start=\"80\" data-end=\"152\">Pantalla Liquid Retina de 13\u201d con alta resoluci\u00f3n y 500 nits de brillo<\/p>\n<\/li>\n<li data-section-id=\"1miji4m\" data-start=\"153\" data-end=\"227\">\n<p data-start=\"155\" data-end=\"227\">Procesador Apple A18 Pro con arquitectura eficiente y buen rendimiento<\/p>\n<\/li>\n<li data-section-id=\"x8z466\" data-start=\"228\" data-end=\"257\">\n<p data-start=\"230\" data-end=\"257\">8 GB de memoria unificada<\/p>\n<\/li>\n<li data-section-id=\"szxytg\" data-start=\"258\" data-end=\"297\">\n<p data-start=\"260\" data-end=\"297\">256 y 512 GB de almacenamiento SSD r\u00e1pido<\/p>\n<\/li>\n<li data-section-id=\"1x60cc2\" data-start=\"298\" data-end=\"389\">\n<p data-start=\"300\" data-end=\"389\">Bater\u00eda de larga duraci\u00f3n (hasta 16 horas de uso)<\/p>\n<\/li>\n<li data-section-id=\"16y0d5o\" data-start=\"390\" data-end=\"437\">\n<p data-start=\"392\" data-end=\"437\">C\u00e1mara FaceTime HD 1080p para videollamadas<\/p>\n<\/li>\n<li data-section-id=\"1qth4gz\" data-start=\"438\" data-end=\"506\">\n<p data-start=\"440\" data-end=\"506\">Sistema de audio con doble parlante y micr\u00f3fonos de alta calidad<\/p>\n<\/li>\n<li data-section-id=\"1b3b87e\" data-start=\"507\" data-end=\"592\">\n<p data-start=\"509\" data-end=\"592\">Conectividad: 2 puertos USB-C + jack 3.5 mm<\/p>\n<\/li>\n<li data-section-id=\"54k0pl\" data-start=\"593\" data-end=\"634\">\n<p data-start=\"595\" data-end=\"634\">Dise\u00f1o liviano y compacto en aluminio<\/p>\n<\/li>\n<li data-section-id=\"1ild2vo\" data-start=\"635\" data-end=\"746\">\n<p data-start=\"637\" data-end=\"746\">Sistema operativo macOS con integraci\u00f3n total con el ecosistema Apple<\/p>\n<\/li>\n<\/ul>\n","protected":false},"excerpt":{"rendered":"<p>Caracter\u00edsticas principales: Pantalla Liquid Retina de 13\u201d con alta resoluci\u00f3n y 500 nits de brillo Procesador Apple A18 Pro con arquitectura eficiente y buen rendimiento 8 GB de memoria unificada 256 y 512 GB de almacenamiento SSD r\u00e1pido Bater\u00eda de larga duraci\u00f3n (hasta 16 horas de uso) C\u00e1mara FaceTime HD 1080p para videollamadas Sistema de [&hellip;]<\/p>\n","protected":false},"featured_media":4490,"template":"","meta":[],"product_brand":[196],"product_cat":[200],"product_tag":[],"class_list":{"0":"post-4459","1":"product","2":"type-product","3":"status-publish","4":"has-post-thumbnail","6":"product_brand-apple","7":"product_cat-notebooks","9":"first","10":"onbackorder","11":"taxable","12":"shipping-taxable","13":"purchasable","14":"product-type-variable"},"_links":{"self":[{"href":"https:\/\/maezva.com.ar\/sitio\/wp-json\/wp\/v2\/product\/4459","targetHints":{"allow":["GET"]}}],"collection":[{"href":"https:\/\/maezva.com.ar\/sitio\/wp-json\/wp\/v2\/product"}],"about":[{"href":"https:\/\/maezva.com.ar\/sitio\/wp-json\/wp\/v2\/types\/product"}],"wp:featuredmedia":[{"embeddable":true,"href":"https:\/\/maezva.com.ar\/sitio\/wp-json\/wp\/v2\/media\/4490"}],"wp:attachment":[{"href":"https:\/\/maezva.com.ar\/sitio\/wp-json\/wp\/v2\/media?parent=4459"}],"wp:term":[{"taxonomy":"product_brand","embeddable":true,"href":"https:\/\/maezva.com.ar\/sitio\/wp-json\/wp\/v2\/product_brand?post=4459"},{"taxonomy":"product_cat","embeddable":true,"href":"https:\/\/maezva.com.ar\/sitio\/wp-json\/wp\/v2\/product_cat?post=4459"},{"taxonomy":"product_tag","embeddable":true,"href":"https:\/\/maezva.com.ar\/sitio\/wp-json\/wp\/v2\/product_tag?post=4459"}],"curies":[{"name":"wp","href":"https:\/\/api.w.org\/{rel}","templated":true}]}}