{"id":4602,"date":"2026-03-21T13:31:38","date_gmt":"2026-03-21T16:31:38","guid":{"rendered":"https:\/\/maezva.com.ar\/sitio\/?post_type=product&#038;p=4602"},"modified":"2026-05-02T13:25:32","modified_gmt":"2026-05-02T16:25:32","slug":"macbook-air-m2-16gb-256gb-ssd-retina-13-6","status":"publish","type":"product","link":"https:\/\/maezva.com.ar\/sitio\/producto\/macbook-air-m2-16gb-256gb-ssd-retina-13-6\/","title":{"rendered":"MACBOOK AIR M2 13.6&#8243;"},"content":{"rendered":"<p data-start=\"0\" data-end=\"58\"><strong data-start=\"0\" data-end=\"58\">Caracter\u00edsticas principales<\/strong><\/p>\n<ul data-start=\"60\" data-end=\"678\" data-is-last-node=\"\" data-is-only-node=\"\">\n<li data-section-id=\"1fv1v74\" data-start=\"60\" data-end=\"159\">Chip M2 de <span class=\"hover:entity-accent entity-underline inline cursor-pointer align-baseline\"><span class=\"whitespace-normal\">Apple Inc.<\/span><\/span> con CPU de 8 n\u00facleos y GPU de hasta 10 n\u00facleos<\/li>\n<li data-section-id=\"x0ipi3\" data-start=\"160\" data-end=\"234\">Memoria unificada de 16GB para un rendimiento \u00e1gil y multitarea fluida<\/li>\n<li data-section-id=\"1h170n\" data-start=\"235\" data-end=\"285\">Almacenamiento SSD de 256GB r\u00e1pido y eficiente<\/li>\n<li data-section-id=\"189gk5g\" data-start=\"286\" data-end=\"357\">Pantalla Retina de 13.6&#8243; con tecnolog\u00eda True Tone y alta resoluci\u00f3n<\/li>\n<li data-section-id=\"363p4b\" data-start=\"358\" data-end=\"415\">Dise\u00f1o ultradelgado y liviano, ideal para transportar<\/li>\n<li data-section-id=\"1tgb4n5\" data-start=\"416\" data-end=\"469\">Bater\u00eda de larga duraci\u00f3n (hasta 18 horas de uso)<\/li>\n<li data-section-id=\"1ox88r8\" data-start=\"470\" data-end=\"498\">C\u00e1mara FaceTime HD 1080p<\/li>\n<li data-section-id=\"1shumn2\" data-start=\"499\" data-end=\"554\">Sistema de sonido con audio espacial y alta calidad<\/li>\n<li data-section-id=\"1rof3an\" data-start=\"555\" data-end=\"607\">Teclado Magic Keyboard retroiluminado y Touch ID<\/li>\n<li data-section-id=\"rd8kiy\" data-start=\"608\" data-end=\"678\" data-is-last-node=\"\">Conectividad: Wi-Fi 6, Bluetooth 5.3 y puertos Thunderbolt \/ USB-C<\/li>\n<\/ul>\n","protected":false},"excerpt":{"rendered":"<p>La MacBook Air M2 13.6-inch combina potencia y dise\u00f1o en un equipo ultraliviano, ideal para trabajar, estudiar o crear contenido. Gracias al chip M2 de <span class=\"hover:entity-accent entity-underline inline cursor-pointer align-baseline\"><span class=\"whitespace-normal\">Apple Inc.<\/span><\/span>, ofrece un rendimiento fluido, gran eficiencia energ\u00e9tica y una bater\u00eda que acompa\u00f1a todo el d\u00eda, junto a su pantalla Retina de 13.6&#8243; con colores vibrantes y m\u00e1xima nitidez.<\/p>\n","protected":false},"featured_media":4603,"template":"","meta":[],"product_brand":[196],"product_cat":[200],"product_tag":[],"class_list":{"0":"post-4602","1":"product","2":"type-product","3":"status-publish","4":"has-post-thumbnail","6":"product_brand-apple","7":"product_cat-notebooks","9":"first","10":"onbackorder","11":"taxable","12":"shipping-taxable","13":"purchasable","14":"product-type-variable"},"_links":{"self":[{"href":"https:\/\/maezva.com.ar\/sitio\/wp-json\/wp\/v2\/product\/4602","targetHints":{"allow":["GET"]}}],"collection":[{"href":"https:\/\/maezva.com.ar\/sitio\/wp-json\/wp\/v2\/product"}],"about":[{"href":"https:\/\/maezva.com.ar\/sitio\/wp-json\/wp\/v2\/types\/product"}],"wp:featuredmedia":[{"embeddable":true,"href":"https:\/\/maezva.com.ar\/sitio\/wp-json\/wp\/v2\/media\/4603"}],"wp:attachment":[{"href":"https:\/\/maezva.com.ar\/sitio\/wp-json\/wp\/v2\/media?parent=4602"}],"wp:term":[{"taxonomy":"product_brand","embeddable":true,"href":"https:\/\/maezva.com.ar\/sitio\/wp-json\/wp\/v2\/product_brand?post=4602"},{"taxonomy":"product_cat","embeddable":true,"href":"https:\/\/maezva.com.ar\/sitio\/wp-json\/wp\/v2\/product_cat?post=4602"},{"taxonomy":"product_tag","embeddable":true,"href":"https:\/\/maezva.com.ar\/sitio\/wp-json\/wp\/v2\/product_tag?post=4602"}],"curies":[{"name":"wp","href":"https:\/\/api.w.org\/{rel}","templated":true}]}}