{"id":4604,"date":"2026-03-21T13:39:02","date_gmt":"2026-03-21T16:39:02","guid":{"rendered":"https:\/\/maezva.com.ar\/sitio\/?post_type=product&#038;p=4604"},"modified":"2026-03-21T13:50:50","modified_gmt":"2026-03-21T16:50:50","slug":"macbook-air-m4","status":"publish","type":"product","link":"https:\/\/maezva.com.ar\/sitio\/producto\/macbook-air-m4\/","title":{"rendered":"MACBOOK AIR M4"},"content":{"rendered":"<ul>\n<li data-section-id=\"h9h3fk\" data-start=\"0\" data-end=\"38\">Chip Apple M4 de \u00faltima generaci\u00f3n<\/li>\n<li data-section-id=\"1nvkyqa\" data-start=\"39\" data-end=\"89\">Pantalla Retina de alta resoluci\u00f3n (13&#8243; o 15&#8243;)<\/li>\n<li data-section-id=\"1h3jtwq\" data-start=\"90\" data-end=\"137\">Memoria unificada desde 8 GB (configurable)<\/li>\n<li data-section-id=\"12dwkje\" data-start=\"138\" data-end=\"186\">Almacenamiento SSD ultrarr\u00e1pido desde 256 GB<\/li>\n<li data-section-id=\"1m0v0gs\" data-start=\"187\" data-end=\"236\">Dise\u00f1o ultradelgado y liviano, sin ventilador<\/li>\n<li data-section-id=\"fjavp2\" data-start=\"237\" data-end=\"286\">Bater\u00eda de larga duraci\u00f3n (hasta todo el d\u00eda)<\/li>\n<li data-section-id=\"lfv4xi\" data-start=\"287\" data-end=\"318\">C\u00e1mara FaceTime HD mejorada<\/li>\n<li data-section-id=\"xwtby1\" data-start=\"319\" data-end=\"359\">Sistema de sonido con audio espacial<\/li>\n<li data-section-id=\"15yemq7\" data-start=\"360\" data-end=\"397\">Conectividad Wi-Fi 6E y Bluetooth<\/li>\n<li data-section-id=\"emprqu\" data-start=\"398\" data-end=\"429\">Puertos Thunderbolt \/ USB-C<\/li>\n<li data-section-id=\"bdpja6\" data-start=\"430\" data-end=\"471\">Teclado Magic Keyboard retroiluminado<\/li>\n<li data-section-id=\"kv12bz\" data-start=\"472\" data-end=\"538\" data-is-last-node=\"\">Sistema operativo macOS optimizado para rendimiento y eficiencia<\/li>\n<\/ul>\n","protected":false},"excerpt":{"rendered":"<p>Potencia y portabilidad en su m\u00e1xima expresi\u00f3n. El MacBook Air M4 ofrece un rendimiento r\u00e1pido y eficiente en un dise\u00f1o ultradelgado, con bater\u00eda de larga duraci\u00f3n y una experiencia fluida ideal para trabajar, estudiar o crear desde cualquier lugar.<\/p>\n","protected":false},"featured_media":4605,"template":"","meta":[],"product_brand":[196],"product_cat":[200],"product_tag":[],"class_list":{"0":"post-4604","1":"product","2":"type-product","3":"status-publish","4":"has-post-thumbnail","6":"product_brand-apple","7":"product_cat-notebooks","9":"first","10":"onbackorder","11":"taxable","12":"shipping-taxable","13":"purchasable","14":"product-type-variable"},"_links":{"self":[{"href":"https:\/\/maezva.com.ar\/sitio\/wp-json\/wp\/v2\/product\/4604","targetHints":{"allow":["GET"]}}],"collection":[{"href":"https:\/\/maezva.com.ar\/sitio\/wp-json\/wp\/v2\/product"}],"about":[{"href":"https:\/\/maezva.com.ar\/sitio\/wp-json\/wp\/v2\/types\/product"}],"wp:featuredmedia":[{"embeddable":true,"href":"https:\/\/maezva.com.ar\/sitio\/wp-json\/wp\/v2\/media\/4605"}],"wp:attachment":[{"href":"https:\/\/maezva.com.ar\/sitio\/wp-json\/wp\/v2\/media?parent=4604"}],"wp:term":[{"taxonomy":"product_brand","embeddable":true,"href":"https:\/\/maezva.com.ar\/sitio\/wp-json\/wp\/v2\/product_brand?post=4604"},{"taxonomy":"product_cat","embeddable":true,"href":"https:\/\/maezva.com.ar\/sitio\/wp-json\/wp\/v2\/product_cat?post=4604"},{"taxonomy":"product_tag","embeddable":true,"href":"https:\/\/maezva.com.ar\/sitio\/wp-json\/wp\/v2\/product_tag?post=4604"}],"curies":[{"name":"wp","href":"https:\/\/api.w.org\/{rel}","templated":true}]}}