{"id":5095,"date":"2026-04-04T11:42:51","date_gmt":"2026-04-04T14:42:51","guid":{"rendered":"https:\/\/maezva.com.ar\/sitio\/?post_type=product&#038;p=5095"},"modified":"2026-04-04T11:46:47","modified_gmt":"2026-04-04T14:46:47","slug":"apple-airpods-pro-3era-usbc","status":"publish","type":"product","link":"https:\/\/maezva.com.ar\/sitio\/producto\/apple-airpods-pro-3era-usbc\/","title":{"rendered":"APPLE AIRPODS PRO 3ERA USBC"},"content":{"rendered":"<h2 data-section-id=\"5rtn32\" data-start=\"0\" data-end=\"60\">Caracter\u00edsticas principales:<\/h2>\n<ul data-start=\"62\" data-end=\"882\">\n<li data-section-id=\"1w7yyna\" data-start=\"62\" data-end=\"134\">Cancelaci\u00f3n activa de ruido (ANC) avanzada para aislarte del entorno<\/li>\n<li data-section-id=\"wy6asr\" data-start=\"135\" data-end=\"206\">Modo ambiente adaptativo para escuchar lo que te rodea sin sacarlos<\/li>\n<li data-section-id=\"15yqd25\" data-start=\"207\" data-end=\"263\">Audio espacial con seguimiento din\u00e1mico de la cabeza<\/li>\n<li data-section-id=\"x60i02\" data-start=\"264\" data-end=\"381\">Hasta 8 horas de reproducci\u00f3n con ANC activado (hasta 24 horas con estuche)<\/li>\n<li data-section-id=\"1g6a4ih\" data-start=\"382\" data-end=\"429\">Estuche de carga MagSafe con conector USB-C<\/li>\n<li data-section-id=\"1i5ra2n\" data-start=\"430\" data-end=\"524\">Carga r\u00e1pida: 5 minutos brindan aprox. 1 hora de uso<\/li>\n<li data-section-id=\"25okag\" data-start=\"525\" data-end=\"617\">Conectividad Bluetooth 5.3 m\u00e1s estable y eficiente<\/li>\n<li data-section-id=\"f5wmm8\" data-start=\"618\" data-end=\"730\">Almohadillas de silicona en varios tama\u00f1os (XXS a L) para mejor ajuste<\/li>\n<li data-section-id=\"j5wqco\" data-start=\"731\" data-end=\"791\">Estuche con altavoz y compatibilidad con la app \u201cBuscar\u201d<\/li>\n<li data-section-id=\"89fmnn\" data-start=\"792\" data-end=\"882\">Compatibles con carga inal\u00e1mbrica (MagSafe y Qi)<\/li>\n<\/ul>\n","protected":false},"excerpt":{"rendered":"<p>Auriculares inal\u00e1mbricos premium con cancelaci\u00f3n activa de ruido mejorada, sonido de alta calidad y dise\u00f1o c\u00f3modo con almohadillas intercambiables. Integran audio espacial, conectividad Bluetooth avanzada y estuche con carga USB-C para mayor compatibilidad y practicidad en el uso diario.<\/p>\n","protected":false},"featured_media":5096,"template":"","meta":[],"product_brand":[196],"product_cat":[203],"product_tag":[],"class_list":{"0":"post-5095","1":"product","2":"type-product","3":"status-publish","4":"has-post-thumbnail","6":"product_brand-apple","7":"product_cat-auriculares","9":"first","10":"onbackorder","11":"taxable","12":"shipping-taxable","13":"purchasable","14":"product-type-simple"},"_links":{"self":[{"href":"https:\/\/maezva.com.ar\/sitio\/wp-json\/wp\/v2\/product\/5095","targetHints":{"allow":["GET"]}}],"collection":[{"href":"https:\/\/maezva.com.ar\/sitio\/wp-json\/wp\/v2\/product"}],"about":[{"href":"https:\/\/maezva.com.ar\/sitio\/wp-json\/wp\/v2\/types\/product"}],"wp:featuredmedia":[{"embeddable":true,"href":"https:\/\/maezva.com.ar\/sitio\/wp-json\/wp\/v2\/media\/5096"}],"wp:attachment":[{"href":"https:\/\/maezva.com.ar\/sitio\/wp-json\/wp\/v2\/media?parent=5095"}],"wp:term":[{"taxonomy":"product_brand","embeddable":true,"href":"https:\/\/maezva.com.ar\/sitio\/wp-json\/wp\/v2\/product_brand?post=5095"},{"taxonomy":"product_cat","embeddable":true,"href":"https:\/\/maezva.com.ar\/sitio\/wp-json\/wp\/v2\/product_cat?post=5095"},{"taxonomy":"product_tag","embeddable":true,"href":"https:\/\/maezva.com.ar\/sitio\/wp-json\/wp\/v2\/product_tag?post=5095"}],"curies":[{"name":"wp","href":"https:\/\/api.w.org\/{rel}","templated":true}]}}